{"id":2405,"date":"2019-02-20T10:57:04","date_gmt":"2019-02-20T10:57:04","guid":{"rendered":"https:\/\/hofmann-aluminium.de\/?page_id=2405"},"modified":"2019-02-20T11:10:02","modified_gmt":"2019-02-20T11:10:02","slug":"gezogene-nahtlosgezogene-aluminiumrohre","status":"publish","type":"page","link":"https:\/\/hofmann-aluminium.de\/index.php\/gezogene-nahtlosgezogene-aluminiumrohre\/","title":{"rendered":"Gezogene &#038; nahtlosgezogene Aluminiumrohre"},"content":{"rendered":"<div class=\"wpb-content-wrapper\"><p>[vc_row css=&#8220;.vc_custom_1541519032348{margin-top: -150px !important;}&#8220;][vc_column][rev_slider_vc alias=&#8220;aluminium&#8220;][\/vc_column][\/vc_row][vc_row css=&#8220;.vc_custom_1542295589884{margin-top: -80px !important;}&#8220;][vc_column][vc_custom_heading text=&#8220;Legierungen&#8220; font_container=&#8220;tag:h3|text_align:left&#8220; google_fonts=&#8220;font_family:Arimo%3Aregular%2Citalic%2C700%2C700italic|font_style:400%20regular%3A400%3Anormal&#8220;][vc_separator][vc_row_inner][vc_column_inner][vc_column_text]EN AW 1050 \/ 1070 \/ 3103 \/ 5049 \/6060 \/ 6005A (6063) \/6082 \/ 7020 \/ 7075 und auf Anfrage<\/p>\n<p>Norm:<br \/>\nEN 754 1 &#8211; 7<br \/>\nEN 754 1 &#8211; 8[\/vc_column_text][\/vc_column_inner][\/vc_row_inner][\/vc_column][\/vc_row][vc_row css=&#8220;.vc_custom_1542295589884{margin-top: -80px !important;}&#8220;][vc_column][vc_custom_heading text=&#8220;Abmessungen&#8220; font_container=&#8220;tag:h3|text_align:left&#8220; google_fonts=&#8220;font_family:Arimo%3Aregular%2Citalic%2C700%2C700italic|font_style:400%20regular%3A400%3Anormal&#8220;][vc_separator][vc_row_inner][vc_column_inner][vc_column_text]Die Mindestgr\u00f6\u00dfe betr\u00e4gt <strong>1,00 x 0,15<\/strong>. F\u00fcr die weiteren Gr\u00f6\u00dfen senden Sie und gerne eine <a href=\"https:\/\/hofmann-aluminium.de\/index.php\/kontakt\/\">Anfrage<\/a> und wir machen Ihnen ein Angebot![\/vc_column_text][\/vc_column_inner][\/vc_row_inner][\/vc_column][\/vc_row]<\/p>\n<\/div>","protected":false},"excerpt":{"rendered":"<p>[vc_row css=&#8220;.vc_custom_1541519032348{margin-top: -150px !important;}&#8220;][vc_column][rev_slider_vc alias=&#8220;aluminium&#8220;][\/vc_column][\/vc_row][vc_row css=&#8220;.vc_custom_1542295589884{margin-top: -80px !important;}&#8220;][vc_column][vc_custom_heading text=&#8220;Legierungen&#8220; font_container=&#8220;tag:h3|text_align:left&#8220; google_fonts=&#8220;font_family:Arimo%3Aregular%2Citalic%2C700%2C700italic|font_style:400%20regular%3A400%3Anormal&#8220;][vc_separator][vc_row_inner][vc_column_inner][vc_column_text]EN AW 1050 \/ 1070 \/ 3103 \/ 5049 \/6060 \/ 6005A (6063) \/6082 \/ 7020 \/ 7075 und auf&#8230;<\/p>\n","protected":false},"author":2,"featured_media":0,"parent":0,"menu_order":0,"comment_status":"closed","ping_status":"closed","template":"","meta":{"footnotes":""},"class_list":["post-2405","page","type-page","status-publish","hentry"],"_links":{"self":[{"href":"https:\/\/hofmann-aluminium.de\/index.php\/wp-json\/wp\/v2\/pages\/2405","targetHints":{"allow":["GET"]}}],"collection":[{"href":"https:\/\/hofmann-aluminium.de\/index.php\/wp-json\/wp\/v2\/pages"}],"about":[{"href":"https:\/\/hofmann-aluminium.de\/index.php\/wp-json\/wp\/v2\/types\/page"}],"author":[{"embeddable":true,"href":"https:\/\/hofmann-aluminium.de\/index.php\/wp-json\/wp\/v2\/users\/2"}],"replies":[{"embeddable":true,"href":"https:\/\/hofmann-aluminium.de\/index.php\/wp-json\/wp\/v2\/comments?post=2405"}],"version-history":[{"count":6,"href":"https:\/\/hofmann-aluminium.de\/index.php\/wp-json\/wp\/v2\/pages\/2405\/revisions"}],"predecessor-version":[{"id":2415,"href":"https:\/\/hofmann-aluminium.de\/index.php\/wp-json\/wp\/v2\/pages\/2405\/revisions\/2415"}],"wp:attachment":[{"href":"https:\/\/hofmann-aluminium.de\/index.php\/wp-json\/wp\/v2\/media?parent=2405"}],"curies":[{"name":"wp","href":"https:\/\/api.w.org\/{rel}","templated":true}]}}