{"id":2295,"date":"2018-12-04T10:05:54","date_gmt":"2018-12-04T10:05:54","guid":{"rendered":"https:\/\/hofmann-aluminium.de\/?page_id=2295"},"modified":"2019-02-22T15:54:47","modified_gmt":"2019-02-22T15:54:47","slug":"zertifikate","status":"publish","type":"page","link":"https:\/\/hofmann-aluminium.de\/index.php\/zertifikate\/","title":{"rendered":"Zertifikate"},"content":{"rendered":"<div class=\"wpb-content-wrapper\"><p>[vc_row][vc_column][vc_column_text]In der internationalen Norm ISO 9001 sind die Anforderungen an Qualit\u00e4tsmanagementsysteme festgelegt. Unternehmen, die eine Zertifizierung erlangen, beweisen, dass sie nicht nur die allgemein g\u00fcltigen Standards erf\u00fcllen, sondern auch stetig bem\u00fcht sind, ihre bereits vorhandene Qualit\u00e4t zu steigern.<\/p>\n<p>Wir haben es uns zur Aufgabe gemacht, mit unseren deutschen und europ\u00e4ischen Halbzeugpartnern, die alle nach ISO 9001\/9002 zertifiziert sind, die Aluminiumhalbzeuge und Fertigprodukte zu liefern, die Sie in die Lage versetzen, dem internationalen Wettbewerb standzuhalten.[\/vc_column_text][\/vc_column][\/vc_row]<\/p>\n<\/div>","protected":false},"excerpt":{"rendered":"<p>[vc_row][vc_column][vc_column_text]In der internationalen Norm ISO 9001 sind die Anforderungen an Qualit\u00e4tsmanagementsysteme festgelegt. Unternehmen, die eine Zertifizierung erlangen, beweisen, dass sie nicht nur die allgemein g\u00fcltigen Standards erf\u00fcllen, sondern auch stetig&#8230;<\/p>\n","protected":false},"author":2,"featured_media":0,"parent":0,"menu_order":0,"comment_status":"closed","ping_status":"closed","template":"","meta":{"footnotes":""},"class_list":["post-2295","page","type-page","status-publish","hentry"],"_links":{"self":[{"href":"https:\/\/hofmann-aluminium.de\/index.php\/wp-json\/wp\/v2\/pages\/2295","targetHints":{"allow":["GET"]}}],"collection":[{"href":"https:\/\/hofmann-aluminium.de\/index.php\/wp-json\/wp\/v2\/pages"}],"about":[{"href":"https:\/\/hofmann-aluminium.de\/index.php\/wp-json\/wp\/v2\/types\/page"}],"author":[{"embeddable":true,"href":"https:\/\/hofmann-aluminium.de\/index.php\/wp-json\/wp\/v2\/users\/2"}],"replies":[{"embeddable":true,"href":"https:\/\/hofmann-aluminium.de\/index.php\/wp-json\/wp\/v2\/comments?post=2295"}],"version-history":[{"count":8,"href":"https:\/\/hofmann-aluminium.de\/index.php\/wp-json\/wp\/v2\/pages\/2295\/revisions"}],"predecessor-version":[{"id":2440,"href":"https:\/\/hofmann-aluminium.de\/index.php\/wp-json\/wp\/v2\/pages\/2295\/revisions\/2440"}],"wp:attachment":[{"href":"https:\/\/hofmann-aluminium.de\/index.php\/wp-json\/wp\/v2\/media?parent=2295"}],"curies":[{"name":"wp","href":"https:\/\/api.w.org\/{rel}","templated":true}]}}