{"id":1875,"date":"2018-11-01T12:55:19","date_gmt":"2018-11-01T12:55:19","guid":{"rendered":"https:\/\/hofmann-aluminium.de\/?page_id=1875"},"modified":"2019-02-25T15:57:00","modified_gmt":"2019-02-25T15:57:00","slug":"hf-schweissrohrprodukte","status":"publish","type":"page","link":"https:\/\/hofmann-aluminium.de\/index.php\/hf-schweissrohrprodukte\/","title":{"rendered":"HF-Schwei\u00dfrohrprodukte"},"content":{"rendered":"<div class=\"wpb-content-wrapper\"><p>[vc_row css=&#8220;.vc_custom_1541519032348{margin-top: -150px !important;}&#8220;][vc_column][rev_slider_vc alias=&#8220;hf-schweiss&#8220;][\/vc_column][\/vc_row][vc_row css=&#8220;.vc_custom_1542186807881{margin-top: -100px !important;}&#8220;][vc_column][vc_custom_heading text=&#8220;Lieferprogramm: HF-geschwei\u00dfte Rohre aus naturharten und ausgeh\u00e4rteten Legierungen&#8220; font_container=&#8220;tag:h3|text_align:left&#8220; google_fonts=&#8220;font_family:Arimo%3Aregular%2Citalic%2C700%2C700italic|font_style:400%20regular%3A400%3Anormal&#8220;][vc_separator][\/vc_column][\/vc_row][vc_row full_width=&#8220;stretch_row&#8220; match_height=&#8220;yes&#8220; css=&#8220;.vc_custom_1542282263926{margin-bottom: 80px !important;background-color: #861a22 !important;}&#8220;][vc_column width=&#8220;1\/3&#8243;][vc_column_text]<\/p>\n<h5><a href=\"#detail\"><span style=\"color: #ffffff;\">Detailinformationen<\/span><\/a><\/h5>\n<p>[\/vc_column_text][\/vc_column][vc_column width=&#8220;1\/3&#8243;][vc_column_text]<\/p>\n<h5 class=\"vc_custom_heading\"><a href=\"#berarbeitung\"><span style=\"color: #ffffff;\">Rohrweiterbearbeitung<\/span><\/a><\/h5>\n<p>[\/vc_column_text][\/vc_column][vc_column width=&#8220;1\/3&#8243;][vc_column_text]<\/p>\n<h5 class=\"vc_custom_heading\"><a href=\"#oberfl\u00e4chen\"><span style=\"color: #ffffff;\">Oberfl\u00e4chenausf\u00fchrungen<\/span><\/a><\/h5>\n<p>[\/vc_column_text][\/vc_column][\/vc_row][vc_row css=&#8220;.vc_custom_1542186786621{margin-top: -100px !important;}&#8220;][vc_column width=&#8220;1\/2&#8243;][vc_column_text]<\/p>\n<ul>\n<li>Rundrohre<\/li>\n<li>Formrohre<\/li>\n<li>Profilierte Rohre<\/li>\n<li>Innenentgratete Rohre<\/li>\n<li>Pr\u00e4zisionsrohre<\/li>\n<li>Teleskoprohre<\/li>\n<li>Eloxalrohre<\/li>\n<\/ul>\n<p>[\/vc_column_text][\/vc_column][vc_column width=&#8220;1\/2&#8243;][vc_single_image image=&#8220;2456&#8243; img_size=&#8220;500&#215;400&#8243;][\/vc_column][\/vc_row][vc_row css=&#8220;.vc_custom_1542282628503{margin-top: -100px !important;}&#8220; el_id=&#8220;detail&#8220;][vc_column][vc_custom_heading text=&#8220;Detailinformationen&#8220; font_container=&#8220;tag:h3|text_align:left&#8220; google_fonts=&#8220;font_family:Arimo%3Aregular%2Citalic%2C700%2C700italic|font_style:400%20regular%3A400%3Anormal&#8220;][vc_separator][\/vc_column][\/vc_row][vc_row css=&#8220;.vc_custom_1542189105322{margin-top: -100px !important;}&#8220;][vc_column][vc_tta_tour shape=&#8220;square&#8220; color=&#8220;white&#8220; active_section=&#8220;1&#8243;][vc_tta_section title=&#8220;Rundrohre&#8220; tab_id=&#8220;1542187687210-82b21ad8-67a1&#8243;][vc_gallery interval=&#8220;0&#8243; images=&#8220;2144,2145&#8243; img_size=&#8220;full&#8220;][\/vc_tta_section][vc_tta_section title=&#8220;Rechteckrohre&#8220; tab_id=&#8220;1542187687250-e7fce9ce-26e3&#8243;][vc_single_image image=&#8220;2146&#8243; img_size=&#8220;full&#8220; onclick=&#8220;link_image&#8220;][\/vc_tta_section][vc_tta_section title=&#8220;Quadratrohre&#8220; tab_id=&#8220;1542187718163-ff21e2a3-1b1e&#8220;][vc_single_image image=&#8220;2147&#8243; img_size=&#8220;full&#8220; onclick=&#8220;link_image&#8220;][\/vc_tta_section][vc_tta_section title=&#8220;Ellipsenrohre&#8220; tab_id=&#8220;1542187730711-0335505c-36cf&#8220;][vc_single_image image=&#8220;2148&#8243; img_size=&#8220;full&#8220; onclick=&#8220;link_image&#8220;][\/vc_tta_section][vc_tta_section title=&#8220;Sonderabmessungen&#8220; tab_id=&#8220;1542187739061-bda4be93-e9d1&#8243;][vc_single_image image=&#8220;2149&#8243; img_size=&#8220;full&#8220; onclick=&#8220;link_image&#8220;][\/vc_tta_section][vc_tta_section title=&#8220;Zusammensetzungen&#8220; tab_id=&#8220;1542187748438-94a56384-cab7&#8243;][vc_single_image image=&#8220;2151&#8243; img_size=&#8220;full&#8220; onclick=&#8220;link_image&#8220;][\/vc_tta_section][vc_tta_section title=&#8220;Mechanische Eigenschaften&#8220; tab_id=&#8220;1542187763246-6bdf5e14-e53f&#8220;][vc_single_image image=&#8220;2150&#8243; img_size=&#8220;full&#8220; onclick=&#8220;link_image&#8220;][\/vc_tta_section][vc_tta_section title=&#8220;Toleranzen&#8220; tab_id=&#8220;1542187777750-57fb5704-3b27&#8243;][vc_single_image image=&#8220;2152&#8243; img_size=&#8220;full&#8220; onclick=&#8220;link_image&#8220;][\/vc_tta_section][\/vc_tta_tour][vc_column_text]Abmessungsbereich von <b>6 &#8211; 152 mm \u00d8 und Wandst\u00e4rken von 0,6 &#8211; 6,0 mm<\/b>. Andere Abmessungen auf Anfrage. Alle Rohre nach EN 1592-1 bis 4.[\/vc_column_text][\/vc_column][\/vc_row][vc_row css=&#8220;.vc_custom_1542287964053{margin-top: -100px !important;margin-bottom: -100px !important;}&#8220; el_id=&#8220;berarbeitung&#8220;][vc_column][vc_custom_heading text=&#8220;Rohrweiterbearbeitung&#8220; font_container=&#8220;tag:h3|text_align:left&#8220; google_fonts=&#8220;font_family:Arimo%3Aregular%2Citalic%2C700%2C700italic|font_style:400%20regular%3A400%3Anormal&#8220;][vc_separator][\/vc_column][\/vc_row][vc_row css=&#8220;.vc_custom_1541600371404{margin-top: -80px !important;}&#8220;][vc_column][vc_column_text css=&#8220;.vc_custom_1542288542792{margin-top: -20px !important;}&#8220;]<\/p>\n<ul>\n<li><span style=\"color: black; font-family: verdana,arial,helvetica;\">Anfasen, Entgraten <\/span><\/li>\n<li><span style=\"color: black; font-family: verdana,arial,helvetica;\">Konifizieren <\/span><\/li>\n<li><span style=\"color: black; font-family: verdana,arial,helvetica;\">Bohren, Stanzen <\/span><\/li>\n<li><span style=\"color: black; font-family: verdana,arial,helvetica;\">Rohrbiegen <\/span><\/li>\n<li><span style=\"color: black; font-family: verdana,arial,helvetica;\">Reduzieren \/ Erweitern <\/span><\/li>\n<li><span style=\"color: black; font-family: verdana,arial,helvetica;\">B\u00f6rdeln und Formen <\/span><\/li>\n<li><span style=\"color: black; font-family: verdana,arial,helvetica;\">Schwei\u00dfen <\/span><\/li>\n<li><span style=\"color: black; font-family: verdana,arial,helvetica;\">Innenhochdruckumformung <\/span><\/li>\n<li><span style=\"color: black; font-family: verdana,arial,helvetica;\">Fixl\u00e4ngen<\/span><\/li>\n<\/ul>\n<p>[\/vc_column_text][\/vc_column][\/vc_row][vc_row css=&#8220;.vc_custom_1542288225989{margin-top: -100px !important;margin-bottom: -100px !important;}&#8220; el_id=&#8220;oberfl\u00e4chen&#8220;][vc_column][vc_custom_heading text=&#8220;Oberfl\u00e4chenausf\u00fchrungen&#8220; font_container=&#8220;tag:h3|text_align:left&#8220; google_fonts=&#8220;font_family:Arimo%3Aregular%2Citalic%2C700%2C700italic|font_style:400%20regular%3A400%3Anormal&#8220;][vc_separator][\/vc_column][\/vc_row][vc_row css=&#8220;.vc_custom_1542288450440{margin-top: -80px !important;}&#8220;][vc_column][vc_column_text]<\/p>\n<ul>\n<li><strong>Standard<\/strong><br \/>\nblank, gl\u00e4nzend<\/li>\n<li><strong>brightfinish<\/strong><\/li>\n<li><strong>eloxieren<\/strong><br \/>\na) Bandeloxiert E6\/EV1 Naturton\/Sonderfarben 3-5 My<br \/>\nb) St\u00fcckeloxiert E6\/EV1 Naturton\/Sonderfarben bis 20 My<\/li>\n<li><strong>beschichtet<\/strong><br \/>\nbandlackiert, st\u00fccklackiert, pulverbeschichtet<\/li>\n<li><strong>dessinierte oder profilierte Oberfl\u00e4che<\/strong><\/li>\n<li><strong>farbliche Schwei\u00dfnahtkennzeichnung<\/strong><\/li>\n<\/ul>\n<p>[\/vc_column_text][\/vc_column][\/vc_row]<\/p>\n<\/div>","protected":false},"excerpt":{"rendered":"<p>[vc_row css=&#8220;.vc_custom_1541519032348{margin-top: -150px !important;}&#8220;][vc_column][rev_slider_vc alias=&#8220;hf-schweiss&#8220;][\/vc_column][\/vc_row][vc_row css=&#8220;.vc_custom_1542186807881{margin-top: -100px !important;}&#8220;][vc_column][vc_custom_heading text=&#8220;Lieferprogramm: HF-geschwei\u00dfte Rohre aus naturharten und ausgeh\u00e4rteten Legierungen&#8220; font_container=&#8220;tag:h3|text_align:left&#8220; google_fonts=&#8220;font_family:Arimo%3Aregular%2Citalic%2C700%2C700italic|font_style:400%20regular%3A400%3Anormal&#8220;][vc_separator][\/vc_column][\/vc_row][vc_row full_width=&#8220;stretch_row&#8220; match_height=&#8220;yes&#8220; css=&#8220;.vc_custom_1542282263926{margin-bottom: 80px !important;background-color: #861a22 !important;}&#8220;][vc_column width=&#8220;1\/3&#8243;][vc_column_text] Detailinformationen [\/vc_column_text][\/vc_column][vc_column width=&#8220;1\/3&#8243;][vc_column_text] Rohrweiterbearbeitung&#8230;<\/p>\n","protected":false},"author":2,"featured_media":0,"parent":0,"menu_order":0,"comment_status":"closed","ping_status":"closed","template":"","meta":{"footnotes":""},"class_list":["post-1875","page","type-page","status-publish","hentry"],"_links":{"self":[{"href":"https:\/\/hofmann-aluminium.de\/index.php\/wp-json\/wp\/v2\/pages\/1875","targetHints":{"allow":["GET"]}}],"collection":[{"href":"https:\/\/hofmann-aluminium.de\/index.php\/wp-json\/wp\/v2\/pages"}],"about":[{"href":"https:\/\/hofmann-aluminium.de\/index.php\/wp-json\/wp\/v2\/types\/page"}],"author":[{"embeddable":true,"href":"https:\/\/hofmann-aluminium.de\/index.php\/wp-json\/wp\/v2\/users\/2"}],"replies":[{"embeddable":true,"href":"https:\/\/hofmann-aluminium.de\/index.php\/wp-json\/wp\/v2\/comments?post=1875"}],"version-history":[{"count":23,"href":"https:\/\/hofmann-aluminium.de\/index.php\/wp-json\/wp\/v2\/pages\/1875\/revisions"}],"predecessor-version":[{"id":2480,"href":"https:\/\/hofmann-aluminium.de\/index.php\/wp-json\/wp\/v2\/pages\/1875\/revisions\/2480"}],"wp:attachment":[{"href":"https:\/\/hofmann-aluminium.de\/index.php\/wp-json\/wp\/v2\/media?parent=1875"}],"curies":[{"name":"wp","href":"https:\/\/api.w.org\/{rel}","templated":true}]}}