{"id":1873,"date":"2018-11-01T12:54:27","date_gmt":"2018-11-01T12:54:27","guid":{"rendered":"https:\/\/hofmann-aluminium.de\/?page_id=1873"},"modified":"2019-02-25T15:54:57","modified_gmt":"2019-02-25T15:54:57","slug":"biege-und-schweisskonstruktionen","status":"publish","type":"page","link":"https:\/\/hofmann-aluminium.de\/index.php\/biege-und-schweisskonstruktionen\/","title":{"rendered":"Biege- und Schwei\u00dfkonstruktionen"},"content":{"rendered":"<div class=\"wpb-content-wrapper\"><p>[vc_row css=&#8220;.vc_custom_1541519032348{margin-top: -150px !important;}&#8220;][vc_column][rev_slider_vc alias=&#8220;bskonstrukt&#8220;][\/vc_column][\/vc_row][vc_row css=&#8220;.vc_custom_1542295589884{margin-top: -80px !important;}&#8220;][vc_column][vc_custom_heading text=&#8220;Lieferprogramm: Aluminiumhalbzeuge&#8220; font_container=&#8220;tag:h3|text_align:left&#8220; google_fonts=&#8220;font_family:Arimo%3Aregular%2Citalic%2C700%2C700italic|font_style:400%20regular%3A400%3Anormal&#8220;][vc_separator][vc_row_inner][vc_column_inner width=&#8220;1\/2&#8243;][vc_column_text]<\/p>\n<ul>\n<li>HF-geschwei\u00dfte Rohre<\/li>\n<li>gepre\u00dfte Rohre<\/li>\n<li>gezogene Rohre<\/li>\n<li>Strangpre\u00dfprofile<\/li>\n<li>Biegekomponenten und -baugruppen<\/li>\n<li>Schwei\u00dfkonstruktionen<\/li>\n<li>machanische Bearbeitung<\/li>\n<\/ul>\n<p>[\/vc_column_text][\/vc_column_inner][vc_column_inner width=&#8220;1\/2&#8243;][vc_single_image image=&#8220;2445&#8243; img_size=&#8220;full&#8220;][\/vc_column_inner][\/vc_row_inner][vc_row_inner css=&#8220;.vc_custom_1542297046651{margin-top: 50px !important;}&#8220;][vc_column_inner css=&#8220;.vc_custom_1542297018732{padding-top: 10px !important;}&#8220;][vc_column_text]<b>HF-geschwei\u00dfte Rohre<\/b><br \/>\nRund-, Oval-, Rechteck-, Quadrat-, Formrohre nach EN 1592-2. Abmessungsbereich von 8mm \u00d8 x 0,6mm Wandst\u00e4rke bis 60 x 3,0mm. Andere Abmessungen auf Anfrage.<\/p>\n<p><b>gepre\u00dfte Rohre<\/b><br \/>\nRund-, Oval-, Rechteck-, Quadrat-, Formrohre nach DIN 9107 \/ 1746 \/ 1725. Abmessungen von 15-500mm \u00d8 und 13-370mm Innendurchmesser.<\/p>\n<p><b>gezogene Rohre<\/b><br \/>\nNahtlos gezogene Rohre in gestreckten L\u00e4ngen und im Ring. DIN 1795 \/ 1746 \/ 1725. Aussendurchmesser 4-350mm, Wandst\u00e4rke 0,4-25mm. Gezogene Rohre im Ring sind lieferbar in den Abmessungen 3&#215;0,5mm bis 15x2mm mit Ringgewichten von 10-1000kg.<\/p>\n<p><b>Strangpressprofile<\/b><br \/>\nStrangpressprofile sind lieferbar in den Querschnitt-Fl\u00e4chen von 10-25.000mm\u00b2, entsprechend maximal 70kg\/m z.T bis ca. 50.000mm\u00b2, abh\u00e4ngig von Form und Werkstoff. Querschnitt-Grenzen bis 500mm \u00d8 des umschriebenen Kreises oder Rechteck 670x150mm.[\/vc_column_text][\/vc_column_inner][\/vc_row_inner][\/vc_column][\/vc_row]<\/p>\n<\/div>","protected":false},"excerpt":{"rendered":"<p>[vc_row css=&#8220;.vc_custom_1541519032348{margin-top: -150px !important;}&#8220;][vc_column][rev_slider_vc alias=&#8220;bskonstrukt&#8220;][\/vc_column][\/vc_row][vc_row css=&#8220;.vc_custom_1542295589884{margin-top: -80px !important;}&#8220;][vc_column][vc_custom_heading text=&#8220;Lieferprogramm: Aluminiumhalbzeuge&#8220; font_container=&#8220;tag:h3|text_align:left&#8220; google_fonts=&#8220;font_family:Arimo%3Aregular%2Citalic%2C700%2C700italic|font_style:400%20regular%3A400%3Anormal&#8220;][vc_separator][vc_row_inner][vc_column_inner width=&#8220;1\/2&#8243;][vc_column_text] HF-geschwei\u00dfte Rohre gepre\u00dfte Rohre gezogene Rohre Strangpre\u00dfprofile Biegekomponenten und -baugruppen Schwei\u00dfkonstruktionen machanische Bearbeitung [\/vc_column_text][\/vc_column_inner][vc_column_inner width=&#8220;1\/2&#8243;][vc_single_image image=&#8220;2445&#8243; img_size=&#8220;full&#8220;][\/vc_column_inner][\/vc_row_inner][vc_row_inner&#8230;<\/p>\n","protected":false},"author":2,"featured_media":0,"parent":0,"menu_order":0,"comment_status":"closed","ping_status":"closed","template":"","meta":{"footnotes":""},"class_list":["post-1873","page","type-page","status-publish","hentry"],"_links":{"self":[{"href":"https:\/\/hofmann-aluminium.de\/index.php\/wp-json\/wp\/v2\/pages\/1873","targetHints":{"allow":["GET"]}}],"collection":[{"href":"https:\/\/hofmann-aluminium.de\/index.php\/wp-json\/wp\/v2\/pages"}],"about":[{"href":"https:\/\/hofmann-aluminium.de\/index.php\/wp-json\/wp\/v2\/types\/page"}],"author":[{"embeddable":true,"href":"https:\/\/hofmann-aluminium.de\/index.php\/wp-json\/wp\/v2\/users\/2"}],"replies":[{"embeddable":true,"href":"https:\/\/hofmann-aluminium.de\/index.php\/wp-json\/wp\/v2\/comments?post=1873"}],"version-history":[{"count":22,"href":"https:\/\/hofmann-aluminium.de\/index.php\/wp-json\/wp\/v2\/pages\/1873\/revisions"}],"predecessor-version":[{"id":2540,"href":"https:\/\/hofmann-aluminium.de\/index.php\/wp-json\/wp\/v2\/pages\/1873\/revisions\/2540"}],"wp:attachment":[{"href":"https:\/\/hofmann-aluminium.de\/index.php\/wp-json\/wp\/v2\/media?parent=1873"}],"curies":[{"name":"wp","href":"https:\/\/api.w.org\/{rel}","templated":true}]}}